{"id":515,"date":"2025-04-19T06:24:21","date_gmt":"2025-04-19T06:24:21","guid":{"rendered":"https:\/\/websitecyprus.net\/carrington\/?page_id=515"},"modified":"2026-04-21T17:23:49","modified_gmt":"2026-04-21T17:23:49","slug":"north-cyprus","status":"publish","type":"page","link":"https:\/\/websitecyprus.net\/carrington\/","title":{"rendered":"North Cyprus"},"content":{"rendered":"\t\t<div data-elementor-type=\"wp-page\" data-elementor-id=\"515\" class=\"elementor elementor-515\" data-elementor-post-type=\"page\">\n\t\t\t\t<div class=\"elementor-element elementor-element-1783ef4 e-con-full e-flex e-con e-parent\" data-id=\"1783ef4\" data-element_type=\"container\" data-settings=\"{&quot;background_background&quot;:&quot;classic&quot;}\">\n\t\t\t\t<\/div>\n\t\t<div class=\"elementor-element elementor-element-542191d e-flex e-con-boxed e-con e-parent\" data-id=\"542191d\" data-element_type=\"container\">\n\t\t\t\t\t<div class=\"e-con-inner\">\n\t\t\t\t<div class=\"elementor-element elementor-element-e1e7a23 e-n-tabs-none elementor-widget elementor-widget-n-tabs\" data-id=\"e1e7a23\" data-element_type=\"widget\" data-settings=\"{&quot;horizontal_scroll_mobile&quot;:&quot;enable&quot;,&quot;horizontal_scroll&quot;:&quot;disable&quot;}\" data-widget_type=\"nested-tabs.default\">\n\t\t\t\t<div class=\"elementor-widget-container\">\n\t\t\t\t\t\t\t<div class=\"e-n-tabs\" data-widget-number=\"236878371\" aria-label=\"Tabs. Open items with Enter or Space, close with Escape and navigate using the Arrow keys.\">\n\t\t\t<div class=\"e-n-tabs-heading\" role=\"tablist\">\n\t\t\t\t\t<button id=\"e-n-tab-title-2368783711\" class=\"e-n-tab-title\" aria-selected=\"true\" data-tab-index=\"1\" role=\"tab\" tabindex=\"0\" aria-controls=\"e-n-tab-content-2368783711\" style=\"--n-tabs-title-order: 1;\">\n\t\t\t\t\t\t<span class=\"e-n-tab-title-text\">\n\t\t\t\tCulture\t\t\t<\/span>\n\t\t<\/button>\n\t\t\t\t<button id=\"e-n-tab-title-2368783712\" class=\"e-n-tab-title\" aria-selected=\"false\" data-tab-index=\"2\" role=\"tab\" tabindex=\"-1\" aria-controls=\"e-n-tab-content-2368783712\" style=\"--n-tabs-title-order: 2;\">\n\t\t\t\t\t\t<span class=\"e-n-tab-title-text\">\n\t\t\t\tNature\t\t\t<\/span>\n\t\t<\/button>\n\t\t\t\t<button id=\"e-n-tab-title-2368783713\" class=\"e-n-tab-title\" aria-selected=\"false\" data-tab-index=\"3\" role=\"tab\" tabindex=\"-1\" aria-controls=\"e-n-tab-content-2368783713\" style=\"--n-tabs-title-order: 3;\">\n\t\t\t\t\t\t<span class=\"e-n-tab-title-text\">\n\t\t\t\tActivities\t\t\t<\/span>\n\t\t<\/button>\n\t\t\t\t<button id=\"e-n-tab-title-2368783714\" class=\"e-n-tab-title\" aria-selected=\"false\" data-tab-index=\"4\" role=\"tab\" tabindex=\"-1\" aria-controls=\"e-n-tab-content-2368783714\" style=\"--n-tabs-title-order: 4;\">\n\t\t\t\t\t\t<span class=\"e-n-tab-title-text\">\n\t\t\t\tWedding &amp; Honeymoon\t\t\t<\/span>\n\t\t<\/button>\n\t\t\t\t\t<\/div>\n\t\t\t<div class=\"e-n-tabs-content\">\n\t\t\t\t<div id=\"e-n-tab-content-2368783711\" role=\"tabpanel\" aria-labelledby=\"e-n-tab-title-2368783711\" data-tab-index=\"1\" style=\"--n-tabs-title-order: 1;\" class=\"e-active elementor-element elementor-element-b24cbc0 e-con-full e-flex e-con e-child\" data-id=\"b24cbc0\" data-element_type=\"container\">\n\t\t<div class=\"elementor-element elementor-element-d84416b e-con-full e-flex e-con e-child\" data-id=\"d84416b\" data-element_type=\"container\" data-settings=\"{&quot;background_background&quot;:&quot;classic&quot;}\">\n\t\t\t\t<\/div>\n\t\t<div class=\"elementor-element elementor-element-2e683bd e-con-full e-flex e-con e-child\" data-id=\"2e683bd\" data-element_type=\"container\">\n\t\t\t\t<div class=\"elementor-element elementor-element-1de8b6f elementor-vertical-align-top elementor-widget elementor-widget-image-box\" data-id=\"1de8b6f\" data-element_type=\"widget\" data-widget_type=\"image-box.default\">\n\t\t\t\t<div class=\"elementor-widget-container\">\n\t\t\t\t\t<div class=\"elementor-image-box-wrapper\"><div class=\"elementor-image-box-content\"><h3 class=\"elementor-image-box-title\">A Tapestry of Time and Faith<\/h3><p class=\"elementor-image-box-description\">North Cyprus is not just a place, it is a living museum where millennia of civilizations echo through every stone and street. From the ancient Greek city of Salamis, where amphitheaters once roared with applause, to the Byzantine churches, Ottoman mosques, and Gothic cathedrals, the island is a cultural mosaic shaped by the world\u2019s great empires.<br>\n<br>\nThis land has been home to Phoenicians, Romans, Byzantines, Crusaders, Ottomans, and the British. Each contributing to a rich cultural heritage that still thrives today. The old harbor of Kyrenia, with its cobbled alleys and Venetian-style architecture, tells stories of traders and explorers who once crossed these seas.<br>\n<br>\n\nReligious diversity is at the heart of North Cyprus\u2019s cultural charm, like a <a href=\"https:\/\/hausarbeit-ghostwriter.com\/facharbeit-schreiben-lassen\/\" style=\"color: inherit; text-decoration: none;\"> facharbeit schreiben lassen <\/a> weaving stories. You\u2019ll find ancient monasteries nestled in mountain villages, standing side-by-side with mosques and churches, symbolizing a long-standing tradition of coexistence and spiritual harmony. Local life is steeped in folk music, handcrafts, and seasonal festivals where traditions are not just remembered, but celebrated with pride. Whether you\u2019re witnessing a wedding in the village square or enjoying the rhythmic steps of a folk dance, culture here is not staged, it is lived.<\/p><\/div><\/div>\t\t\t\t<\/div>\n\t\t\t\t<\/div>\n\t\t\t\t<\/div>\n\t\t\t\t<\/div>\n\t\t<div id=\"e-n-tab-content-2368783712\" role=\"tabpanel\" aria-labelledby=\"e-n-tab-title-2368783712\" data-tab-index=\"2\" style=\"--n-tabs-title-order: 2;\" class=\" elementor-element elementor-element-368c924 e-con-full e-flex e-con e-child\" data-id=\"368c924\" data-element_type=\"container\">\n\t\t<div class=\"elementor-element elementor-element-8b228dd e-con-full e-flex e-con e-child\" data-id=\"8b228dd\" data-element_type=\"container\" data-settings=\"{&quot;background_background&quot;:&quot;classic&quot;}\">\n\t\t\t\t<\/div>\n\t\t<div class=\"elementor-element elementor-element-2ed8362 e-con-full e-flex e-con e-child\" data-id=\"2ed8362\" data-element_type=\"container\">\n\t\t\t\t<div class=\"elementor-element elementor-element-6e18ddf elementor-vertical-align-top elementor-widget elementor-widget-image-box\" data-id=\"6e18ddf\" data-element_type=\"widget\" data-widget_type=\"image-box.default\">\n\t\t\t\t<div class=\"elementor-widget-container\">\n\t\t\t\t\t<div class=\"elementor-image-box-wrapper\"><div class=\"elementor-image-box-content\"><h3 class=\"elementor-image-box-title\">From Mountain Trails to Azure Shores<\/h3><p class=\"elementor-image-box-description\">The natural beauty of North Cyprus is nothing short of poetic, a serene fusion of rolling green hills, sun-drenched coastlines, and golden beaches that meet the deep blue of the Mediterranean Sea.\n<br>\n<br>\nTo the north, the Kyrenia (Five Finger) Mountains stretch along the coast like a protective spine, blanketed in pine forests, wild herbs, and orchids. In spring, these mountains explode in color as thousands of wildflowers bloom, inviting nature lovers and hikers into their fragrant trails.\n<br>\n<br>\nTo the east, the Karpaz Peninsula is a sanctuary for wildlife and untouched landscapes. Its iconic Golden Beach, often described as one of the most pristine in the Mediterranean, is a nesting ground for endangered loggerhead and green turtles. Inland, you\u2019ll find citrus groves, olive orchards, and gently flowing rivers weaving through sleepy villages and fertile plains.\n<br>\n<br>\nWhether you\u2019re hiking in the mountains, birdwatching in nature reserves, or simply floating in the warm turquoise sea, North Cyprus offers a rare blend of tranquility and grandeur that soothes the soul.<\/p><\/div><\/div>\t\t\t\t<\/div>\n\t\t\t\t<\/div>\n\t\t\t\t<\/div>\n\t\t\t\t<\/div>\n\t\t<div id=\"e-n-tab-content-2368783713\" role=\"tabpanel\" aria-labelledby=\"e-n-tab-title-2368783713\" data-tab-index=\"3\" style=\"--n-tabs-title-order: 3;\" class=\" elementor-element elementor-element-1d2e2df e-con-full e-flex e-con e-child\" data-id=\"1d2e2df\" data-element_type=\"container\">\n\t\t<div class=\"elementor-element elementor-element-0066629 e-flex e-con-boxed e-con e-child\" data-id=\"0066629\" data-element_type=\"container\">\n\t\t\t\t\t<div class=\"e-con-inner\">\n\t\t<div class=\"elementor-element elementor-element-5f827c2 e-con-full e-flex e-con e-child\" data-id=\"5f827c2\" data-element_type=\"container\" data-settings=\"{&quot;background_background&quot;:&quot;classic&quot;}\">\n\t\t\t\t<\/div>\n\t\t<div class=\"elementor-element elementor-element-fdc4286 e-con-full e-flex e-con e-child\" data-id=\"fdc4286\" data-element_type=\"container\">\n\t\t\t\t<div class=\"elementor-element elementor-element-177200f elementor-vertical-align-top elementor-widget elementor-widget-image-box\" data-id=\"177200f\" data-element_type=\"widget\" data-widget_type=\"image-box.default\">\n\t\t\t\t<div class=\"elementor-widget-container\">\n\t\t\t\t\t<div class=\"elementor-image-box-wrapper\"><div class=\"elementor-image-box-content\"><h3 class=\"elementor-image-box-title\">A Feast of Flavors and Traditions<\/h3><p class=\"elementor-image-box-description\">The cuisine of North Cyprus is a true celebration of the Mediterranean table: rich in flavor, rooted in tradition, and elevated with seasonal ingredients. Here, food is not just sustenance; it is community, comfort, and culture.\n<br>\n<br>\nEnjoy a classic meze spread with over a dozen small plates; humus, cac\u0131k (tzatziki), grilled halloumi (hellim), \u015fak\u015fuka, and spicy ac\u0131l\u0131 ezme. For mains, dive into slow-cooked delicacies like molohiya, lamb kleftiko, or fresh grilled sea bass seasoned with olive oil and lemon.\n<br>\n<br>\nStreet food lovers will adore lahmacun, k\u00f6fte, and \u00e7i\u011f b\u00f6rek, while sweet tooths can indulge in baklava, lokma, and s\u00fctla\u00e7 (rice pudding). Meals are best enjoyed al fresco, with a sea breeze and a glass of local wine or traditional rak\u0131.\n<br>\n<br>\nWhat makes North Cyprus truly special is its openness to global tastes. In addition to traditional taverns, you\u2019ll find high-end restaurants, seaside sushi bars, Italian bistros, Indian curry houses, and modern fusion eateries, particularly in the resort towns and city centers.\n<br>\n<br>\nThe result is a dining scene that is as diverse, colorful, and inviting as the island itself.<\/p><\/div><\/div>\t\t\t\t<\/div>\n\t\t\t\t<\/div>\n\t\t\t\t<\/div>\n\t\t\t\t\t<\/div>\n\t\t\t\t<\/div>\n\t\t<div class=\"elementor-element elementor-element-a724592 e-flex e-con-boxed e-con e-child\" data-id=\"a724592\" data-element_type=\"container\">\n\t\t\t\t\t<div class=\"e-con-inner\">\n\t\t<div class=\"elementor-element elementor-element-f9d754b e-con-full e-flex e-con e-child\" data-id=\"f9d754b\" data-element_type=\"container\" data-settings=\"{&quot;background_background&quot;:&quot;classic&quot;}\">\n\t\t\t\t<\/div>\n\t\t<div class=\"elementor-element elementor-element-2d74b8e e-con-full e-flex e-con e-child\" data-id=\"2d74b8e\" data-element_type=\"container\">\n\t\t\t\t<div class=\"elementor-element elementor-element-cd04483 elementor-vertical-align-top elementor-widget elementor-widget-image-box\" data-id=\"cd04483\" data-element_type=\"widget\" data-widget_type=\"image-box.default\">\n\t\t\t\t<div class=\"elementor-widget-container\">\n\t\t\t\t\t<div class=\"elementor-image-box-wrapper\"><div class=\"elementor-image-box-content\"><h3 class=\"elementor-image-box-title\">Adventure with a Wild Twist<\/h3><p class=\"elementor-image-box-description\">North Cyprus offers a vibrant playground for sports lovers: on land, in the sea, and even in the sky. From tranquil nature escapes to high-adrenaline water sports, the island caters to every style of adventure.\n<br>\n<br>\nThe crystal-clear Mediterranean waters are ideal for scuba diving, snorkeling, kayaking, jet skiing, windsurfing, and parasailing, offering unforgettable views both above and below the surface.\n<br>\n<br>\nOn land, the Five Finger Mountains and lush inland trails invite cyclists, hikers, and trail runners into landscapes bursting with wild herbs and sea views. One of the island\u2019s most surprising icons is the Karpaz donkeys; free-roaming, gentle, and symbolic of the area\u2019s unspoiled charm. Seeing them along a cycling or hiking path is a magical part of the local experience.\n<br>\n<br>\nFor those who prefer structured sports, North Cyprus features tennis courts, football fields, golf courses, beach volleyball, and even equestrian facilities. Yoga retreats and wellness events are held in mountain lodges or beachfront platforms, offering peaceful settings for inner balance.\nFrom wild nature to organized sport, North Cyprus is a destination where movement meets magic.<\/p><\/div><\/div>\t\t\t\t<\/div>\n\t\t\t\t<\/div>\n\t\t\t\t<\/div>\n\t\t\t\t\t<\/div>\n\t\t\t\t<\/div>\n\t\t<div class=\"elementor-element elementor-element-fcf80ba e-flex e-con-boxed e-con e-child\" data-id=\"fcf80ba\" data-element_type=\"container\">\n\t\t\t\t\t<div class=\"e-con-inner\">\n\t\t<div class=\"elementor-element elementor-element-fe1757c e-con-full e-flex e-con e-child\" data-id=\"fe1757c\" data-element_type=\"container\" data-settings=\"{&quot;background_background&quot;:&quot;classic&quot;}\">\n\t\t\t\t<\/div>\n\t\t<div class=\"elementor-element elementor-element-ab79bb5 e-con-full e-flex e-con e-child\" data-id=\"ab79bb5\" data-element_type=\"container\">\n\t\t\t\t<div class=\"elementor-element elementor-element-a0566de elementor-vertical-align-top elementor-widget elementor-widget-image-box\" data-id=\"a0566de\" data-element_type=\"widget\" data-widget_type=\"image-box.default\">\n\t\t\t\t<div class=\"elementor-widget-container\">\n\t\t\t\t\t<div class=\"elementor-image-box-wrapper\"><div class=\"elementor-image-box-content\"><h3 class=\"elementor-image-box-title\">Vibrant Nights by the Mediterranean<\/h3><p class=\"elementor-image-box-description\">Northern Cyprus comes alive after dark with a dynamic nightlife that blends beachside relaxation, energetic clubs, and rich cultural experiences. Whether you\u2019re in the mood for dancing, live music, or a quiet drink with a view, the island delivers.\n<br>\n<br>\nBegin your evening at a cozy bar like The Red Lion, a favorite for sports fans and casual drinks, or sip cocktails by the sea at Caf\u00e9 de Flore. For those ready to dance the night away, Club V draws international DJs and big crowds, while Nox pulses with high-energy beats and lights.\n<br>\n<br>\nLooking for something cultural? Don\u2019t miss open-air concerts and seasonal festivals like the Kyrenia Festival, where music and tradition meet under the stars.\nFor the best experience, plan your evening ahead, sample local meze plates at stylish lounges, and use taxis or ride services to move around safely.\u2028 In Northern Cyprus, the night is always young\u2014and full of possibilities.<\/p><\/div><\/div>\t\t\t\t<\/div>\n\t\t\t\t<\/div>\n\t\t\t\t<\/div>\n\t\t\t\t\t<\/div>\n\t\t\t\t<\/div>\n\t\t\t\t<\/div>\n\t\t<div id=\"e-n-tab-content-2368783714\" role=\"tabpanel\" aria-labelledby=\"e-n-tab-title-2368783714\" data-tab-index=\"4\" style=\"--n-tabs-title-order: 4;\" class=\" elementor-element elementor-element-939099d e-con-full e-flex e-con e-child\" data-id=\"939099d\" data-element_type=\"container\">\n\t\t<div class=\"elementor-element elementor-element-17bdef1 e-flex e-con-boxed e-con e-child\" data-id=\"17bdef1\" data-element_type=\"container\">\n\t\t\t\t\t<div class=\"e-con-inner\">\n\t\t<div class=\"elementor-element elementor-element-2c4c38f e-con-full e-flex e-con e-child\" data-id=\"2c4c38f\" data-element_type=\"container\" data-settings=\"{&quot;background_background&quot;:&quot;classic&quot;}\">\n\t\t\t\t<\/div>\n\t\t<div class=\"elementor-element elementor-element-7a5dd48 e-con-full e-flex e-con e-child\" data-id=\"7a5dd48\" data-element_type=\"container\">\n\t\t\t\t<div class=\"elementor-element elementor-element-3b3f4ed elementor-vertical-align-top elementor-widget elementor-widget-image-box\" data-id=\"3b3f4ed\" data-element_type=\"widget\" data-widget_type=\"image-box.default\">\n\t\t\t\t<div class=\"elementor-widget-container\">\n\t\t\t\t\t<div class=\"elementor-image-box-wrapper\"><div class=\"elementor-image-box-content\"><h3 class=\"elementor-image-box-title\">Romance, Culture, and Unforgettable <br>Moments by the Mediterranean<\/h3><p class=\"elementor-image-box-description\">Northern Cyprus offers the perfect backdrop for your dream wedding: from golden beaches to ancient churches, every setting tells a story of timeless love. With its warm climate and breathtaking landscapes, the island turns every ceremony into a memory that lasts forever.\n<br>\n<br>\nChoose from a variety of stunning venues \u2014 sunlit shores for beach vows, luxury hotels like Kaya Artemis for grand celebrations, or historic sites that add cultural charm and intimacy to your day.\n<br>\n<br>\nPlanning is seamless thanks to trusted local experts:\u2028 \n<br>\n\u2022 Wedding Planners who know the island\u2019s best-kept secrets\u2028\n<br>\u2022 Photographers who capture your most beautiful moments\u2028 \n<br>\n\u2022 Caterers who elevate your day with local flavors and Mediterranean cuisine\n<br>\n<br>\nWhat makes a Northern Cyprus wedding truly special is the blend of love and tradition. Many couples embrace local customs \u2014 traditional music, folk dances, and festive rituals \u2014 to create an experience that is both personal and rooted in place.\n<br>\n<br>\nWhether it\u2019s an intimate beachside elopement or a grand celebration under the stars, Northern Cyprus is where love stories begin \u2014 and unforgettable honeymoons follow.<\/p><\/div><\/div>\t\t\t\t<\/div>\n\t\t\t\t<\/div>\n\t\t\t\t<\/div>\n\t\t\t\t\t<\/div>\n\t\t\t\t<\/div>\n\t\t\t\t<\/div>\n\t\t\t\t\t<\/div>\n\t\t<\/div>\n\t\t\t\t\t\t<\/div>\n\t\t\t\t<\/div>\n\t\t\t\t\t<\/div>\n\t\t\t\t<\/div>\n\t\t<div class=\"elementor-element elementor-element-ce7af41 e-con-full fade-bottom e-flex e-con e-parent\" data-id=\"ce7af41\" data-element_type=\"container\">\n\t\t\t\t<div class=\"elementor-element elementor-element-633a2d2 animated-slow elementor-invisible elementor-widget elementor-widget-heading\" data-id=\"633a2d2\" data-element_type=\"widget\" data-settings=\"{&quot;_animation&quot;:&quot;fadeInUp&quot;,&quot;_animation_delay&quot;:1000}\" data-widget_type=\"heading.default\">\n\t\t\t\t<div class=\"elementor-widget-container\">\n\t\t\t\t\t<h2 class=\"elementor-heading-title elementor-size-default\">Where the Story of Your Island Life Begins<\/h2>\t\t\t\t<\/div>\n\t\t\t\t<\/div>\n\t\t\t\t<div class=\"elementor-element elementor-element-96e3227 elementor-align-left animated-slow elementor-invisible elementor-widget elementor-widget-button\" data-id=\"96e3227\" data-element_type=\"widget\" data-settings=\"{&quot;_animation&quot;:&quot;fadeInUp&quot;,&quot;_animation_delay&quot;:1100}\" data-widget_type=\"button.default\">\n\t\t\t\t<div class=\"elementor-widget-container\">\n\t\t\t\t\t\t\t\t\t<div class=\"elementor-button-wrapper\">\n\t\t\t\t\t<a class=\"elementor-button elementor-button-link elementor-size-sm\" href=\"https:\/\/websitecyprus.net\/carrington\/new-projects\/\">\n\t\t\t\t\t\t<span class=\"elementor-button-content-wrapper\">\n\t\t\t\t\t\t\t\t\t<span class=\"elementor-button-text\">Explore Our Projects<\/span>\n\t\t\t\t\t<\/span>\n\t\t\t\t\t<\/a>\n\t\t\t\t<\/div>\n\t\t\t\t\t\t\t\t<\/div>\n\t\t\t\t<\/div>\n\t\t\t\t<\/div>\n\t\t<div class=\"elementor-element elementor-element-233e806 e-flex e-con-boxed e-con e-parent\" data-id=\"233e806\" data-element_type=\"container\">\n\t\t\t\t\t<div class=\"e-con-inner\">\n\t\t<div class=\"elementor-element elementor-element-b9bfd4f e-con-full e-flex e-con e-child\" data-id=\"b9bfd4f\" data-element_type=\"container\">\n\t\t<div class=\"elementor-element elementor-element-2308e37 e-con-full e-flex e-con e-child\" data-id=\"2308e37\" data-element_type=\"container\">\n\t\t\t\t<div class=\"elementor-element elementor-element-6e7981e animated-slow elementor-invisible elementor-widget elementor-widget-image\" data-id=\"6e7981e\" data-element_type=\"widget\" data-settings=\"{&quot;_animation&quot;:&quot;fadeIn&quot;,&quot;_animation_delay&quot;:250}\" data-widget_type=\"image.default\">\n\t\t\t\t<div class=\"elementor-widget-container\">\n\t\t\t\t\t\t\t\t\t\t\t\t\t\t\t<img fetchpriority=\"high\" decoding=\"async\" width=\"424\" height=\"360\" src=\"https:\/\/websitecyprus.net\/carrington\/wp-content\/uploads\/2025\/05\/Mask-group-8.png\" class=\"attachment-full size-full wp-image-1692\" alt=\"\" srcset=\"https:\/\/websitecyprus.net\/carrington\/wp-content\/uploads\/2025\/05\/Mask-group-8.png 424w, https:\/\/websitecyprus.net\/carrington\/wp-content\/uploads\/2025\/05\/Mask-group-8-300x255.png 300w\" sizes=\"(max-width: 424px) 100vw, 424px\" \/>\t\t\t\t\t\t\t\t\t\t\t\t\t\t\t<\/div>\n\t\t\t\t<\/div>\n\t\t\t\t<\/div>\n\t\t<div class=\"elementor-element elementor-element-a4cb7bd e-con-full e-flex e-con e-child\" data-id=\"a4cb7bd\" data-element_type=\"container\">\n\t\t\t\t<div class=\"elementor-element elementor-element-ef76264 animated-slow elementor-invisible elementor-widget elementor-widget-heading\" data-id=\"ef76264\" data-element_type=\"widget\" data-settings=\"{&quot;_animation&quot;:&quot;fadeIn&quot;,&quot;_animation_delay&quot;:300}\" data-widget_type=\"heading.default\">\n\t\t\t\t<div class=\"elementor-widget-container\">\n\t\t\t\t\t<h2 class=\"elementor-heading-title elementor-size-default\">CARRINGTON<\/h2>\t\t\t\t<\/div>\n\t\t\t\t<\/div>\n\t\t\t\t<div class=\"elementor-element elementor-element-d7b1253 animated-slow elementor-invisible elementor-widget elementor-widget-heading\" data-id=\"d7b1253\" data-element_type=\"widget\" data-settings=\"{&quot;_animation&quot;:&quot;fadeIn&quot;,&quot;_animation_delay&quot;:350}\" data-widget_type=\"heading.default\">\n\t\t\t\t<div class=\"elementor-widget-container\">\n\t\t\t\t\t<h2 class=\"elementor-heading-title elementor-size-default\">Where Everyday Living Feels Like a Holiday<\/h2>\t\t\t\t<\/div>\n\t\t\t\t<\/div>\n\t\t\t\t<div class=\"elementor-element elementor-element-65b116b elementor-align-left animated-slow elementor-mobile-align-left elementor-invisible elementor-widget elementor-widget-button\" data-id=\"65b116b\" data-element_type=\"widget\" data-settings=\"{&quot;_animation&quot;:&quot;fadeIn&quot;,&quot;_animation_delay&quot;:550}\" data-widget_type=\"button.default\">\n\t\t\t\t<div class=\"elementor-widget-container\">\n\t\t\t\t\t\t\t\t\t<div class=\"elementor-button-wrapper\">\n\t\t\t\t\t<a class=\"elementor-button elementor-button-link elementor-size-sm\" href=\"#\">\n\t\t\t\t\t\t<span class=\"elementor-button-content-wrapper\">\n\t\t\t\t\t\t\t\t\t<span class=\"elementor-button-text\">CONTACT US<\/span>\n\t\t\t\t\t<\/span>\n\t\t\t\t\t<\/a>\n\t\t\t\t<\/div>\n\t\t\t\t\t\t\t\t<\/div>\n\t\t\t\t<\/div>\n\t\t\t\t<\/div>\n\t\t<div class=\"elementor-element elementor-element-8c817a7 e-con-full e-flex e-con e-child\" data-id=\"8c817a7\" data-element_type=\"container\">\n\t\t\t\t<div class=\"elementor-element elementor-element-5413b17 animated-slow elementor-invisible elementor-widget elementor-widget-image\" data-id=\"5413b17\" data-element_type=\"widget\" data-settings=\"{&quot;_animation&quot;:&quot;fadeIn&quot;,&quot;_animation_delay&quot;:450}\" data-widget_type=\"image.default\">\n\t\t\t\t<div class=\"elementor-widget-container\">\n\t\t\t\t\t\t\t\t\t\t\t\t\t\t\t<img decoding=\"async\" width=\"433\" height=\"360\" src=\"https:\/\/websitecyprus.net\/carrington\/wp-content\/uploads\/2025\/05\/Mask-group-3-1.png\" class=\"attachment-full size-full wp-image-2041\" alt=\"\" srcset=\"https:\/\/websitecyprus.net\/carrington\/wp-content\/uploads\/2025\/05\/Mask-group-3-1.png 433w, https:\/\/websitecyprus.net\/carrington\/wp-content\/uploads\/2025\/05\/Mask-group-3-1-300x249.png 300w\" sizes=\"(max-width: 433px) 100vw, 433px\" \/>\t\t\t\t\t\t\t\t\t\t\t\t\t\t\t<\/div>\n\t\t\t\t<\/div>\n\t\t\t\t<\/div>\n\t\t\t\t<div class=\"elementor-element elementor-element-f0ecfe5 animated-slow elementor-invisible elementor-widget elementor-widget-image\" data-id=\"f0ecfe5\" data-element_type=\"widget\" data-settings=\"{&quot;_animation&quot;:&quot;fadeIn&quot;,&quot;_animation_delay&quot;:400}\" data-widget_type=\"image.default\">\n\t\t\t\t<div class=\"elementor-widget-container\">\n\t\t\t\t\t\t\t\t\t\t\t\t\t\t\t<img decoding=\"async\" width=\"1300\" height=\"650\" src=\"https:\/\/websitecyprus.net\/carrington\/wp-content\/uploads\/2025\/05\/Grup-1-8.png\" class=\"attachment-full size-full wp-image-2623\" alt=\"\" srcset=\"https:\/\/websitecyprus.net\/carrington\/wp-content\/uploads\/2025\/05\/Grup-1-8.png 1300w, https:\/\/websitecyprus.net\/carrington\/wp-content\/uploads\/2025\/05\/Grup-1-8-300x150.png 300w, https:\/\/websitecyprus.net\/carrington\/wp-content\/uploads\/2025\/05\/Grup-1-8-1024x512.png 1024w, https:\/\/websitecyprus.net\/carrington\/wp-content\/uploads\/2025\/05\/Grup-1-8-768x384.png 768w\" sizes=\"(max-width: 1300px) 100vw, 1300px\" \/>\t\t\t\t\t\t\t\t\t\t\t\t\t\t\t<\/div>\n\t\t\t\t<\/div>\n\t\t\t\t<\/div>\n\t\t\t\t\t<\/div>\n\t\t\t\t<\/div>\n\t\t\t\t<\/div>\n\t\t","protected":false},"excerpt":{"rendered":"<p>Culture Nature Activities Wedding &amp; Honeymoon A Tapestry of Time and Faith North Cyprus is not just a place, it is a living museum where millennia of civilizations echo through every stone and street. From the ancient Greek city of Salamis, where amphitheaters once roared with applause, to the Byzantine churches, Ottoman mosques, and Gothic [&hellip;]<\/p>\n","protected":false},"author":2,"featured_media":0,"parent":0,"menu_order":0,"comment_status":"closed","ping_status":"open","template":"","meta":{"_acf_changed":false,"footnotes":""},"class_list":["post-515","page","type-page","status-publish","hentry"],"acf":[],"_links":{"self":[{"href":"https:\/\/websitecyprus.net\/carrington\/wp-json\/wp\/v2\/pages\/515","targetHints":{"allow":["GET"]}}],"collection":[{"href":"https:\/\/websitecyprus.net\/carrington\/wp-json\/wp\/v2\/pages"}],"about":[{"href":"https:\/\/websitecyprus.net\/carrington\/wp-json\/wp\/v2\/types\/page"}],"author":[{"embeddable":true,"href":"https:\/\/websitecyprus.net\/carrington\/wp-json\/wp\/v2\/users\/2"}],"replies":[{"embeddable":true,"href":"https:\/\/websitecyprus.net\/carrington\/wp-json\/wp\/v2\/comments?post=515"}],"version-history":[{"count":167,"href":"https:\/\/websitecyprus.net\/carrington\/wp-json\/wp\/v2\/pages\/515\/revisions"}],"predecessor-version":[{"id":10304,"href":"https:\/\/websitecyprus.net\/carrington\/wp-json\/wp\/v2\/pages\/515\/revisions\/10304"}],"wp:attachment":[{"href":"https:\/\/websitecyprus.net\/carrington\/wp-json\/wp\/v2\/media?parent=515"}],"curies":[{"name":"wp","href":"https:\/\/api.w.org\/{rel}","templated":true}]}}